{"id":3294,"date":"2024-11-12T14:36:57","date_gmt":"2024-11-12T14:36:57","guid":{"rendered":"https:\/\/rainexperience.com\/wpmir\/?page_id=3294"},"modified":"2024-11-15T12:53:13","modified_gmt":"2024-11-15T12:53:13","slug":"reference","status":"publish","type":"page","link":"https:\/\/mirnovec.rs\/?page_id=3294","title":{"rendered":"Reference"},"content":{"rendered":"\t\t<div data-elementor-type=\"wp-page\" data-elementor-id=\"3294\" class=\"elementor elementor-3294\">\n\t\t\t\t<div class=\"elementor-element elementor-element-380702a e-flex e-con-boxed e-con e-parent\" data-id=\"380702a\" data-element_type=\"container\" data-e-type=\"container\">\r\n\t\t\t\t\t<div class=\"e-con-inner\">\r\n\t\t\t\t<div class=\"elementor-element elementor-element-0fdb441 elementor-widget elementor-widget-text-editor\" data-id=\"0fdb441\" data-element_type=\"widget\" data-e-type=\"widget\" data-widget_type=\"text-editor.default\">\n\t\t\t\t<div class=\"elementor-widget-container\">\n\t\t\t\t\t\t\t\t\tNa\u0161a sestrinska kompanija, Mirnovec SFX, izra\u0111uje specijalne efekte za film i televiziju, \u0161to uklju\u010duje kako pirotehni\u010dke tako i nepirotehni\u010dke efekte (eksplozije, po\u017eari, pucnjave) kao i sve vrste atmosferskih efekata (sneg, led, ki\u0161a, vetar, magla) .\n\nMirnovec Pirotehnika je pored ogromnog iskustva u kreiranju vatrometa priznata i u svetu specijalnih efekata za potrebe filma i televizije. Renomirani Hollywoodski glumci poput\u00a0<strong>Seana Connerya<\/strong>, Jackie Chana, Christophera Lamberta,\u00a0<strong>Sylvester Stallonea<\/strong>,\u00a0<strong>Gary Oldmana<\/strong>,\u00a0<strong>Richarda Gerea<\/strong>,\u00a0<strong>Gorana Vi\u0161nji\u0107a<\/strong>\u00a0i Pierce Brosnana, i legendarnih redatelja poput\u00a0<strong>Stevena Spielberga<\/strong>\u00a0samo su neki od predstavnika dana\u0161nje popularne kulture na \u010dijim je snimanjima filmova u\u010destvovala Mirnovec Pirotehnika \u2013 i to zadu\u017eena za specijalne efekte!\n\nMirnovec Pirotehnika stvarala je specijalne efekte za Spielbergovu\u00a0<strong>Schindlerovu Listu<\/strong>\u00a0\u2013 sedmostrukog dobitnika Oscara.\n\nStvarali smo specijalne efekte i za film Duga Mra\u010dna No\u0107 s Goranom Vi\u0161nji\u0107em, The Hunting Party s Richardom Geereom, Daylight s Slivester Stalloneom, te Dragonheart s Sean Conneryem.\t\t\t\t\t\t\t\t<\/div>\n\t\t\t\t<\/div>\n\t\t\t\t<div class=\"elementor-element elementor-element-ccf6650 elementor-widget elementor-widget-image\" data-id=\"ccf6650\" data-element_type=\"widget\" data-e-type=\"widget\" data-widget_type=\"image.default\">\n\t\t\t\t<div class=\"elementor-widget-container\">\n\t\t\t\t\t\t\t\t\t\t\t\t\t\t\t<img fetchpriority=\"high\" decoding=\"async\" width=\"702\" height=\"336\" src=\"https:\/\/mirnovec.rs\/wp-content\/uploads\/2024\/11\/mirnovec-efekti.jpg\" class=\"attachment-full size-full wp-image-3296\" alt=\"\" srcset=\"https:\/\/mirnovec.rs\/wp-content\/uploads\/2024\/11\/mirnovec-efekti.jpg 702w, https:\/\/mirnovec.rs\/wp-content\/uploads\/2024\/11\/mirnovec-efekti-600x287.jpg 600w\" sizes=\"(max-width: 702px) 100vw, 702px\" \/>\t\t\t\t\t\t\t\t\t\t\t\t\t\t\t<\/div>\n\t\t\t\t<\/div>\n\t\t\t\t<div class=\"elementor-element elementor-element-e8f1ee1 elementor-widget elementor-widget-spacer\" data-id=\"e8f1ee1\" data-element_type=\"widget\" data-e-type=\"widget\" data-widget_type=\"spacer.default\">\n\t\t\t\t<div class=\"elementor-widget-container\">\n\t\t\t\t\t\t\t<div class=\"elementor-spacer\">\n\t\t\t<div class=\"elementor-spacer-inner\"><\/div>\n\t\t<\/div>\n\t\t\t\t\t\t<\/div>\n\t\t\t\t<\/div>\n\t\t\t\t\t<\/div>\n\t\t\t\t<\/div>\n\t\t<div class=\"elementor-element elementor-element-89a970d e-con-full e-flex e-con e-parent\" data-id=\"89a970d\" data-element_type=\"container\" data-e-type=\"container\">\r\n\t\t\t\t<div class=\"elementor-element elementor-element-b387ec8 elementor-widget elementor-widget-text-editor\" data-id=\"b387ec8\" data-element_type=\"widget\" data-e-type=\"widget\" data-widget_type=\"text-editor.default\">\n\t\t\t\t<div class=\"elementor-widget-container\">\n\t\t\t\t\t\t\t\t\t<p style=\"color: #383f48;\">Jo\u0161 neke od referenci su:<\/p>\n\n<ul>\n \t<li>Intrigue \u2013 special effects<\/li>\n \t<li>Krvopijci \u2013 special effects<\/li>\n \t<li>Out of control \u2013 special effects<\/li>\n \t<li>The great escape \u2013 special effects<\/li>\n \t<li>War and rememberers \u2013 special effects head<\/li>\n \t<li>George shoots the dragon \u2013 special effects coordinator<\/li>\n \t<li>Mamaro\u0161 \u2013 special effects head<\/li>\n \t<li>Memed my hawk \u2013 special effects<\/li>\n<\/ul>\n<p style=\"color: #383f48;\">Nekoliko doga\u0111aja na kojima smo u\u010destvovali:<\/p>\n\n<ul>\n \t<li>The Rolling Stones<\/li>\n \t<li>David Bowie<\/li>\n \t<li>Zdravko \u010coli\u0107<\/li>\n \t<li>Hrvatska tra\u017ei zvijezdu \u2013 TV show<\/li>\n \t<li>Pobijedi \u0160olu \u2013 TV show<\/li>\n \t<li>Farma \u2013 TV show<\/li>\n \t<li>Hladno Pivo XXL<\/li>\n \t<li>Dra\u017een Ze\u010di\u0107<\/li>\n \t<li>Hrvatski Radijski Festival<\/li>\n \t<li>Evropsko prvenstvo u karateu<\/li>\n \t<li>Big Brother \u2013 TV show<\/li>\n<\/ul>\t\t\t\t\t\t\t\t<\/div>\n\t\t\t\t<\/div>\n\t\t\t\t<\/div>\n\t\t\t\t<\/div>\n\t\t","protected":false},"excerpt":{"rendered":"<p>Na\u0161a sestrinska kompanija, Mirnovec SFX, izra\u0111uje specijalne efekte za film i televiziju, \u0161to uklju\u010duje kako pirotehni\u010dke tako i nepirotehni\u010dke efekte (eksplozije, po\u017eari, pucnjave) kao i sve vrste atmosferskih efekata (sneg, led, ki\u0161a, vetar, magla) . Mirnovec Pirotehnika je pored ogromnog iskustva u kreiranju vatrometa priznata i u svetu specijalnih efekata za potrebe filma i televizije. [&hellip;]<\/p>\n","protected":false},"author":1,"featured_media":0,"parent":0,"menu_order":0,"comment_status":"closed","ping_status":"closed","template":"","meta":{"footnotes":""},"class_list":["post-3294","page","type-page","status-publish","hentry"],"_links":{"self":[{"href":"https:\/\/mirnovec.rs\/index.php?rest_route=\/wp\/v2\/pages\/3294","targetHints":{"allow":["GET"]}}],"collection":[{"href":"https:\/\/mirnovec.rs\/index.php?rest_route=\/wp\/v2\/pages"}],"about":[{"href":"https:\/\/mirnovec.rs\/index.php?rest_route=\/wp\/v2\/types\/page"}],"author":[{"embeddable":true,"href":"https:\/\/mirnovec.rs\/index.php?rest_route=\/wp\/v2\/users\/1"}],"replies":[{"embeddable":true,"href":"https:\/\/mirnovec.rs\/index.php?rest_route=%2Fwp%2Fv2%2Fcomments&post=3294"}],"version-history":[{"count":13,"href":"https:\/\/mirnovec.rs\/index.php?rest_route=\/wp\/v2\/pages\/3294\/revisions"}],"predecessor-version":[{"id":3494,"href":"https:\/\/mirnovec.rs\/index.php?rest_route=\/wp\/v2\/pages\/3294\/revisions\/3494"}],"wp:attachment":[{"href":"https:\/\/mirnovec.rs\/index.php?rest_route=%2Fwp%2Fv2%2Fmedia&parent=3294"}],"curies":[{"name":"wp","href":"https:\/\/api.w.org\/{rel}","templated":true}]}}