{"id":3277,"date":"2024-11-12T11:45:58","date_gmt":"2024-11-12T11:45:58","guid":{"rendered":"https:\/\/rainexperience.com\/wpmir\/?page_id=3277"},"modified":"2024-11-15T12:58:09","modified_gmt":"2024-11-15T12:58:09","slug":"vatrometi-sa-vode","status":"publish","type":"page","link":"https:\/\/mirnovec.rs\/?page_id=3277","title":{"rendered":"Vatrometi sa vode"},"content":{"rendered":"\t\t<div data-elementor-type=\"wp-page\" data-elementor-id=\"3277\" class=\"elementor elementor-3277\">\n\t\t\t\t<div class=\"elementor-element elementor-element-380702a e-flex e-con-boxed e-con e-parent\" data-id=\"380702a\" data-element_type=\"container\" data-e-type=\"container\">\r\n\t\t\t\t\t<div class=\"e-con-inner\">\r\n\t\t\t\t<div class=\"elementor-element elementor-element-0fdb441 elementor-widget elementor-widget-text-editor\" data-id=\"0fdb441\" data-element_type=\"widget\" data-e-type=\"widget\" data-widget_type=\"text-editor.default\">\n\t\t\t\t<div class=\"elementor-widget-container\">\n\t\t\t\t\t\t\t\t\tNa\u0161e iskusno osoblje obu\u010deno za industriju vatrometa c\u0301e planirati i napraviti koreografiju za va\u0161 vatromet nad vodom, preporu\u010dujuc\u0301i odgovarajuc\u0301i vatromet jarkih boja koji c\u0301e se odra\u017eavati u vodi. Mesta za paljenje mogu biti istovremeno i na vodi i na kopnu, a mo\u017eemo dodatno i uskladiti efekte sa muzikom, dodatno pobolj\u0161ajuc\u0301i u\u017eitak gledanja vatrometa.<\/strong>\t\t\t\t\t\t\t\t<\/div>\n\t\t\t\t<\/div>\n\t\t\t\t\t<\/div>\n\t\t\t\t<\/div>\n\t\t<div class=\"elementor-element elementor-element-89a970d e-flex e-con-boxed e-con e-parent\" data-id=\"89a970d\" data-element_type=\"container\" data-e-type=\"container\">\r\n\t\t\t\t\t<div class=\"e-con-inner\">\r\n\t\t\t\t<div class=\"elementor-element elementor-element-2c91602 elementor-widget elementor-widget-video\" data-id=\"2c91602\" data-element_type=\"widget\" data-e-type=\"widget\" data-settings=\"{&quot;youtube_url&quot;:&quot;https:\\\/\\\/www.youtube.com\\\/watch?v=Abj74gbMVns&quot;,&quot;video_type&quot;:&quot;youtube&quot;,&quot;controls&quot;:&quot;yes&quot;}\" data-widget_type=\"video.default\">\n\t\t\t\t<div class=\"elementor-widget-container\">\n\t\t\t\t\t\t\t<div class=\"elementor-wrapper elementor-open-inline\">\n\t\t\t<div class=\"elementor-video\"><\/div>\t\t<\/div>\n\t\t\t\t\t\t<\/div>\n\t\t\t\t<\/div>\n\t\t\t\t\t<\/div>\n\t\t\t\t<\/div>\n\t\t<div class=\"elementor-element elementor-element-cc6f72d e-flex e-con-boxed e-con e-parent\" data-id=\"cc6f72d\" data-element_type=\"container\" data-e-type=\"container\">\r\n\t\t\t\t\t<div class=\"e-con-inner\">\r\n\t\t\t\t<div class=\"elementor-element elementor-element-14344d2 elementor-widget elementor-widget-video\" data-id=\"14344d2\" data-element_type=\"widget\" data-e-type=\"widget\" data-settings=\"{&quot;youtube_url&quot;:&quot;https:\\\/\\\/www.youtube.com\\\/watch?v=t1QagoYdrrM&quot;,&quot;video_type&quot;:&quot;youtube&quot;,&quot;controls&quot;:&quot;yes&quot;}\" data-widget_type=\"video.default\">\n\t\t\t\t<div class=\"elementor-widget-container\">\n\t\t\t\t\t\t\t<div class=\"elementor-wrapper elementor-open-inline\">\n\t\t\t<div class=\"elementor-video\"><\/div>\t\t<\/div>\n\t\t\t\t\t\t<\/div>\n\t\t\t\t<\/div>\n\t\t\t\t\t<\/div>\n\t\t\t\t<\/div>\n\t\t\t\t<\/div>\n\t\t","protected":false},"excerpt":{"rendered":"<p>Na\u0161e iskusno osoblje obu\u010deno za industriju vatrometa c\u0301e planirati i napraviti koreografiju za va\u0161 vatromet nad vodom, preporu\u010dujuc\u0301i odgovarajuc\u0301i vatromet jarkih boja koji c\u0301e se odra\u017eavati u vodi. Mesta za paljenje mogu biti istovremeno i na vodi i na kopnu, a mo\u017eemo dodatno i uskladiti efekte sa muzikom, dodatno pobolj\u0161ajuc\u0301i u\u017eitak gledanja vatrometa.https:\/\/www.youtube.com\/watch?v=Abj74gbMVnshttps:\/\/www.youtube.com\/watch?v=t1QagoYdrrM<\/p>\n","protected":false},"author":1,"featured_media":0,"parent":0,"menu_order":0,"comment_status":"closed","ping_status":"closed","template":"","meta":{"footnotes":""},"class_list":["post-3277","page","type-page","status-publish","hentry"],"_links":{"self":[{"href":"https:\/\/mirnovec.rs\/index.php?rest_route=\/wp\/v2\/pages\/3277","targetHints":{"allow":["GET"]}}],"collection":[{"href":"https:\/\/mirnovec.rs\/index.php?rest_route=\/wp\/v2\/pages"}],"about":[{"href":"https:\/\/mirnovec.rs\/index.php?rest_route=\/wp\/v2\/types\/page"}],"author":[{"embeddable":true,"href":"https:\/\/mirnovec.rs\/index.php?rest_route=\/wp\/v2\/users\/1"}],"replies":[{"embeddable":true,"href":"https:\/\/mirnovec.rs\/index.php?rest_route=%2Fwp%2Fv2%2Fcomments&post=3277"}],"version-history":[{"count":10,"href":"https:\/\/mirnovec.rs\/index.php?rest_route=\/wp\/v2\/pages\/3277\/revisions"}],"predecessor-version":[{"id":3501,"href":"https:\/\/mirnovec.rs\/index.php?rest_route=\/wp\/v2\/pages\/3277\/revisions\/3501"}],"wp:attachment":[{"href":"https:\/\/mirnovec.rs\/index.php?rest_route=%2Fwp%2Fv2%2Fmedia&parent=3277"}],"curies":[{"name":"wp","href":"https:\/\/api.w.org\/{rel}","templated":true}]}}