{"id":3268,"date":"2024-11-12T11:32:05","date_gmt":"2024-11-12T11:32:05","guid":{"rendered":"https:\/\/rainexperience.com\/wpmir\/?page_id=3268"},"modified":"2024-11-15T12:57:10","modified_gmt":"2024-11-15T12:57:10","slug":"svadbeni-vatrometi","status":"publish","type":"page","link":"https:\/\/mirnovec.rs\/?page_id=3268","title":{"rendered":"Svadbeni vatrometi"},"content":{"rendered":"\t\t<div data-elementor-type=\"wp-page\" data-elementor-id=\"3268\" class=\"elementor elementor-3268\">\n\t\t\t\t<div class=\"elementor-element elementor-element-380702a e-flex e-con-boxed e-con e-parent\" data-id=\"380702a\" data-element_type=\"container\" data-e-type=\"container\">\r\n\t\t\t\t\t<div class=\"e-con-inner\">\r\n\t\t\t\t<div class=\"elementor-element elementor-element-0fdb441 elementor-widget elementor-widget-text-editor\" data-id=\"0fdb441\" data-element_type=\"widget\" data-e-type=\"widget\" data-widget_type=\"text-editor.default\">\n\t\t\t\t<div class=\"elementor-widget-container\">\n\t\t\t\t\t\t\t\t\tMirnovec Pirotehnika u svojoj bogatoj ponudi tako\u0111e nudi i svadbene vatromete. Re\u010d je o prigodnim pirotehni\u010dkim predstavama namenjenim svadbama koje se mogu montirati u obliku vatrometa, scenske pirotehnike ili specijalnih efekata. Tako\u0111e, mogu\u0107e je postavljanje efekata koji nisu pirotehni\u010dki, poput balona ili konfeta. Mirnovec Pirotehnika tako\u0111e iznajmljuje \u0161atore, a u prodaji su i popularne bambus baklje.<\/strong>\n\nUz klasi\u010dne vatromete, ispise slova i poruka te specijalne pirotehni\u010dke efekte na otvorenom prostoru, izvodimo i efekte u interijeru &#8211; bilo za prvi ples ili rezanje torte (iskre\u0107e fontane, niski dim, baloni od sapunice, vatre, konfeti i ostalo).\t\t\t\t\t\t\t\t<\/div>\n\t\t\t\t<\/div>\n\t\t\t\t<div class=\"elementor-element elementor-element-03f0f02 elementor-widget elementor-widget-image\" data-id=\"03f0f02\" data-element_type=\"widget\" data-e-type=\"widget\" data-widget_type=\"image.default\">\n\t\t\t\t<div class=\"elementor-widget-container\">\n\t\t\t\t\t\t\t\t\t\t\t\t\t\t\t<img fetchpriority=\"high\" decoding=\"async\" width=\"1140\" height=\"760\" src=\"https:\/\/mirnovec.rs\/wp-content\/uploads\/2024\/11\/vatromet18.jpg\" class=\"attachment-full size-full wp-image-3495\" alt=\"\" srcset=\"https:\/\/mirnovec.rs\/wp-content\/uploads\/2024\/11\/vatromet18.jpg 1140w, https:\/\/mirnovec.rs\/wp-content\/uploads\/2024\/11\/vatromet18-600x400.jpg 600w, https:\/\/mirnovec.rs\/wp-content\/uploads\/2024\/11\/vatromet18-1024x683.jpg 1024w, https:\/\/mirnovec.rs\/wp-content\/uploads\/2024\/11\/vatromet18-768x512.jpg 768w, https:\/\/mirnovec.rs\/wp-content\/uploads\/2024\/11\/vatromet18-640x427.jpg 640w, https:\/\/mirnovec.rs\/wp-content\/uploads\/2024\/11\/vatromet18-400x267.jpg 400w, https:\/\/mirnovec.rs\/wp-content\/uploads\/2024\/11\/vatromet18-367x245.jpg 367w\" sizes=\"(max-width: 1140px) 100vw, 1140px\" \/>\t\t\t\t\t\t\t\t\t\t\t\t\t\t\t<\/div>\n\t\t\t\t<\/div>\n\t\t\t\t<div class=\"elementor-element elementor-element-4a6cadb elementor-widget elementor-widget-porto_fancytext\" data-id=\"4a6cadb\" data-element_type=\"widget\" data-e-type=\"widget\" data-widget_type=\"porto_fancytext.default\">\n\t\t\t\t<div class=\"elementor-widget-container\">\n\t\t\t\t\t<h4 class=\"word-rotator slide\" style=\"text-align:center;\" data-plugin-options=\"{'waittime': 2500, 'pauseOnHover': false}\"><span class=\"word-rotator-items\" style=\"\"><b class=\"active\">Da svi govore o Va\u0161em ven\u010danju a Vama da ostane veoma draga uspomena\u2026<\/b><\/span><\/h4>\t\t\t\t<\/div>\n\t\t\t\t<\/div>\n\t\t\t\t\t<\/div>\n\t\t\t\t<\/div>\n\t\t<div class=\"elementor-element elementor-element-89a970d e-flex e-con-boxed e-con e-parent\" data-id=\"89a970d\" data-element_type=\"container\" data-e-type=\"container\">\r\n\t\t\t\t\t<div class=\"e-con-inner\">\r\n\t\t\t\t<div class=\"elementor-element elementor-element-2c91602 elementor-widget elementor-widget-video\" data-id=\"2c91602\" data-element_type=\"widget\" data-e-type=\"widget\" data-settings=\"{&quot;youtube_url&quot;:&quot;https:\\\/\\\/www.youtube.com\\\/watch?v=c7wqHxNGkqM&quot;,&quot;video_type&quot;:&quot;youtube&quot;,&quot;controls&quot;:&quot;yes&quot;}\" data-widget_type=\"video.default\">\n\t\t\t\t<div class=\"elementor-widget-container\">\n\t\t\t\t\t\t\t<div class=\"elementor-wrapper elementor-open-inline\">\n\t\t\t<div class=\"elementor-video\"><\/div>\t\t<\/div>\n\t\t\t\t\t\t<\/div>\n\t\t\t\t<\/div>\n\t\t\t\t\t<\/div>\n\t\t\t\t<\/div>\n\t\t<div class=\"elementor-element elementor-element-d3684b0 e-flex e-con-boxed e-con e-parent\" data-id=\"d3684b0\" data-element_type=\"container\" data-e-type=\"container\">\r\n\t\t\t\t\t<div class=\"e-con-inner\">\r\n\t\t\t\t<div class=\"elementor-element elementor-element-60a2177 elementor-widget elementor-widget-text-editor\" data-id=\"60a2177\" data-element_type=\"widget\" data-e-type=\"widget\" data-widget_type=\"text-editor.default\">\n\t\t\t\t<div class=\"elementor-widget-container\">\n\t\t\t\t\t\t\t\t\t<p>Za sve informacije vezane uz organizaciju svadbenih vatrometa slobodno nam se obratite putem na\u0161e slu\u017ebe za korisnike.<\/p><p>022\/618-668 ( Monika Vuli\u0107)<\/p>\t\t\t\t\t\t\t\t<\/div>\n\t\t\t\t<\/div>\n\t\t\t\t\t<\/div>\n\t\t\t\t<\/div>\n\t\t\t\t<\/div>\n\t\t","protected":false},"excerpt":{"rendered":"<p>Mirnovec Pirotehnika u svojoj bogatoj ponudi tako\u0111e nudi i svadbene vatromete. Re\u010d je o prigodnim pirotehni\u010dkim predstavama namenjenim svadbama koje se mogu montirati u obliku vatrometa, scenske pirotehnike ili specijalnih efekata. Tako\u0111e, mogu\u0107e je postavljanje efekata koji nisu pirotehni\u010dki, poput balona ili konfeta. Mirnovec Pirotehnika tako\u0111e iznajmljuje \u0161atore, a u prodaji su i popularne bambus [&hellip;]<\/p>\n","protected":false},"author":1,"featured_media":0,"parent":0,"menu_order":0,"comment_status":"closed","ping_status":"closed","template":"","meta":{"footnotes":""},"class_list":["post-3268","page","type-page","status-publish","hentry"],"_links":{"self":[{"href":"https:\/\/mirnovec.rs\/index.php?rest_route=\/wp\/v2\/pages\/3268","targetHints":{"allow":["GET"]}}],"collection":[{"href":"https:\/\/mirnovec.rs\/index.php?rest_route=\/wp\/v2\/pages"}],"about":[{"href":"https:\/\/mirnovec.rs\/index.php?rest_route=\/wp\/v2\/types\/page"}],"author":[{"embeddable":true,"href":"https:\/\/mirnovec.rs\/index.php?rest_route=\/wp\/v2\/users\/1"}],"replies":[{"embeddable":true,"href":"https:\/\/mirnovec.rs\/index.php?rest_route=%2Fwp%2Fv2%2Fcomments&post=3268"}],"version-history":[{"count":13,"href":"https:\/\/mirnovec.rs\/index.php?rest_route=\/wp\/v2\/pages\/3268\/revisions"}],"predecessor-version":[{"id":3498,"href":"https:\/\/mirnovec.rs\/index.php?rest_route=\/wp\/v2\/pages\/3268\/revisions\/3498"}],"wp:attachment":[{"href":"https:\/\/mirnovec.rs\/index.php?rest_route=%2Fwp%2Fv2%2Fmedia&parent=3268"}],"curies":[{"name":"wp","href":"https:\/\/api.w.org\/{rel}","templated":true}]}}