{"id":3263,"date":"2024-11-12T11:14:01","date_gmt":"2024-11-12T11:14:01","guid":{"rendered":"https:\/\/rainexperience.com\/wpmir\/?page_id=3263"},"modified":"2026-01-08T18:02:36","modified_gmt":"2026-01-08T18:02:36","slug":"javni-vatrometi","status":"publish","type":"page","link":"https:\/\/mirnovec.rs\/?page_id=3263","title":{"rendered":"Javni Vatrometi"},"content":{"rendered":"\t\t<div data-elementor-type=\"wp-page\" data-elementor-id=\"3263\" class=\"elementor elementor-3263\">\n\t\t\t\t<div class=\"elementor-element elementor-element-380702a e-flex e-con-boxed e-con e-parent\" data-id=\"380702a\" data-element_type=\"container\" data-e-type=\"container\">\r\n\t\t\t\t\t<div class=\"e-con-inner\">\r\n\t\t\t\t<div class=\"elementor-element elementor-element-0fdb441 elementor-widget elementor-widget-text-editor\" data-id=\"0fdb441\" data-element_type=\"widget\" data-e-type=\"widget\" data-widget_type=\"text-editor.default\">\n\t\t\t\t<div class=\"elementor-widget-container\">\n\t\t\t\t\t\t\t\t\tMirnovec Pirotehnika specijalizovana je za izvo\u0111enje velikih vatrometa povodom javnih doga\u0111aja kao \u0161to su muzi\u010dki festivali, sportske priredbe, javna okupljanja ili proslave. Pirotehni\u010dari Mirnovec Pirotehnike raspola\u017eu svim znanjima i opremom potrebnim za pripremu, programiranje, montiranje i izvo\u0111enje velikih javnih vatrometa, \u0161to potvr\u0111uju brojna priznanja i nagrade osvojene na me\u0111unarodnim festivalima vatrometa. Mirnovec pirotehnika danas se mo\u017ee pohvaliti s vi\u0161e od 2500 izvedenih vatrometa i iskustvom u vo\u0111enju specijalih efekata za potrebe filma i televizije.\t\t\t\t\t\t\t\t<\/div>\n\t\t\t\t<\/div>\n\t\t\t\t\t<\/div>\n\t\t\t\t<\/div>\n\t\t<div class=\"elementor-element elementor-element-2a52d43 e-flex e-con-boxed e-con e-parent\" data-id=\"2a52d43\" data-element_type=\"container\" data-e-type=\"container\">\r\n\t\t\t\t\t<div class=\"e-con-inner\">\r\n\t\t\t\t<div class=\"elementor-element elementor-element-0d2eec5 elementor-widget elementor-widget-video\" data-id=\"0d2eec5\" data-element_type=\"widget\" data-e-type=\"widget\" data-settings=\"{&quot;youtube_url&quot;:&quot;https:\\\/\\\/www.youtube.com\\\/watch?v=tWruP5gS5DI&quot;,&quot;video_type&quot;:&quot;youtube&quot;,&quot;controls&quot;:&quot;yes&quot;}\" data-widget_type=\"video.default\">\n\t\t\t\t<div class=\"elementor-widget-container\">\n\t\t\t\t\t\t\t<div class=\"elementor-wrapper elementor-open-inline\">\n\t\t\t<div class=\"elementor-video\"><\/div>\t\t<\/div>\n\t\t\t\t\t\t<\/div>\n\t\t\t\t<\/div>\n\t\t\t\t\t<\/div>\n\t\t\t\t<\/div>\n\t\t<div class=\"elementor-element elementor-element-b8279c0 e-flex e-con-boxed e-con e-parent\" data-id=\"b8279c0\" data-element_type=\"container\" data-e-type=\"container\">\r\n\t\t\t\t\t<div class=\"e-con-inner\">\r\n\t\t\t\t<div class=\"elementor-element elementor-element-0aae74b elementor-widget elementor-widget-text-editor\" data-id=\"0aae74b\" data-element_type=\"widget\" data-e-type=\"widget\" data-widget_type=\"text-editor.default\">\n\t\t\t\t<div class=\"elementor-widget-container\">\n\t\t\t\t\t\t\t\t\tTako\u0111e, Mirnovec Pirotehnika raspola\u017ee svom opremom potrebnom za montiranje spektakularnih vatrometa s povr\u0161ine vode ili mora. Vatromet se u ovom slu\u010daju montira na posebno dizajnirane splavove, koje se dizalicom spu\u0161taju na povr\u0161inu vode ili mora.\t\t\t\t\t\t\t\t<\/div>\n\t\t\t\t<\/div>\n\t\t\t\t\t<\/div>\n\t\t\t\t<\/div>\n\t\t<div class=\"elementor-element elementor-element-ccdfaed e-flex e-con-boxed e-con e-parent\" data-id=\"ccdfaed\" data-element_type=\"container\" data-e-type=\"container\">\r\n\t\t\t\t\t<div class=\"e-con-inner\">\r\n\t\t\t\t<div class=\"elementor-element elementor-element-a853969 elementor-widget elementor-widget-video\" data-id=\"a853969\" data-element_type=\"widget\" data-e-type=\"widget\" data-settings=\"{&quot;youtube_url&quot;:&quot;https:\\\/\\\/www.youtube.com\\\/watch?v=_pFJ1dSQOck&amp;t=51s&quot;,&quot;video_type&quot;:&quot;youtube&quot;,&quot;controls&quot;:&quot;yes&quot;}\" data-widget_type=\"video.default\">\n\t\t\t\t<div class=\"elementor-widget-container\">\n\t\t\t\t\t\t\t<div class=\"elementor-wrapper elementor-open-inline\">\n\t\t\t<div class=\"elementor-video\"><\/div>\t\t<\/div>\n\t\t\t\t\t\t<\/div>\n\t\t\t\t<\/div>\n\t\t\t\t\t<\/div>\n\t\t\t\t<\/div>\n\t\t<div class=\"elementor-element elementor-element-dcb45b1 e-flex e-con-boxed e-con e-parent\" data-id=\"dcb45b1\" data-element_type=\"container\" data-e-type=\"container\">\r\n\t\t\t\t\t<div class=\"e-con-inner\">\r\n\t\t\t\t<div class=\"elementor-element elementor-element-020a6b8 elementor-widget elementor-widget-text-editor\" data-id=\"020a6b8\" data-element_type=\"widget\" data-e-type=\"widget\" data-widget_type=\"text-editor.default\">\n\t\t\t\t<div class=\"elementor-widget-container\">\n\t\t\t\t\t\t\t\t\tDugogodi\u0161nje iskustvo prire\u0111ivanja vatrometa kroz godine je svrstalo Mirnovec Pirotehniku u sam vrh svetskih firmi za izradu pirotehnike, \u0161to je rezultiralo gostovanjima na mnogim me\u0111unarodnim takmi\u010denjima i festivalima vatrometa. Pirotehni\u010dari i piro dizajneri Mirnovec Pirotehnike gostovali su u Italiji, Rusiji, Nema\u010dkoj, Engleskoj i brojnim drugim zemljama, a neki od zapa\u017eenijih nastupa na me\u0111unarodnim takmi\u010denjima su:\n<ul>\n \t<li><strong>2001 \u2013 2004<\/strong>\u00a0Me\u0111unarodni festival vatrometa \u2013 Hrvatska \u2013 1. mesto<\/li>\n \t<li><strong>2004<\/strong>. Me\u0111unarodni festival vatrometa, Nema\u010dka \u2013 3. mesto<\/li>\n \t<li><strong>2005<\/strong>. Me\u0111unarodni festival vatrometa, Nema\u010dka \u2013 1. mesto<\/li>\n \t<li><strong>2006<\/strong>. Me\u0111unarodni festival vatrometa \u2013 Kaliningrad, Rusija \u2013 1. mesto<\/li>\n \t<li><strong>2006<\/strong>. Me\u0111unarodni festival vatrometa \u2013 Blackpool, Velika Britanija \u2013 3. mesto<\/li>\n \t<li><strong>2007<\/strong>\u00a0Campionato Mondiale di Fuochi di Artificio Piromusicali \u2013 me\u0111unarodni festival vatrometa \u2013 Italija (Italy) \u2013 1. mesto<\/li>\n \t<li><strong>2008<\/strong>. Festival International d` Art Pyrotechnique \u2013 me\u0111unarodni festival vatrometa \u2013 Francuska (France) \u2013 grand prix<\/li>\n \t<li><strong>2008<\/strong>. International Fireworks Festival Bucharest \u2013 me\u0111unarodni festival vatrometa \u2013 Rumunija (Romania) \u2013 3. mesto<\/li>\n \t<li><strong>2009<\/strong>. Campionato Mondiale d`Arte Piromusicale, Caput Lucis \u2013 Italija (Italy) \u2013 2. mesto, posebna nagrada za kvalitet izvo\u0111enja<\/li>\n \t<li><strong>2011<\/strong>. Vilnius Fireworks, Litva \u2013 1. mesto po izboru publike i 1. mesto po izboru \u017eirija<\/li>\n \t<li><strong>2012<\/strong>. Me\u0111unarodni Festival Vatrometa, Malta \u2013 2. mesto<\/li>\n \t<li><strong>2012<\/strong>. Me\u0111unarodni Festival Vatrometa, Nema\u010dka \u2013 2. mesto<\/li>\n<\/ul>\t\t\t\t\t\t\t\t<\/div>\n\t\t\t\t<\/div>\n\t\t\t\t\t<\/div>\n\t\t\t\t<\/div>\n\t\t<div class=\"elementor-element elementor-element-043c42e e-flex e-con-boxed e-con e-parent\" data-id=\"043c42e\" data-element_type=\"container\" data-e-type=\"container\">\r\n\t\t\t\t\t<div class=\"e-con-inner\">\r\n\t\t\t\t<div class=\"elementor-element elementor-element-22c4658 elementor-widget elementor-widget-video\" data-id=\"22c4658\" data-element_type=\"widget\" data-e-type=\"widget\" data-settings=\"{&quot;youtube_url&quot;:&quot;https:\\\/\\\/www.youtube.com\\\/watch?v=YkN8XlV4LTI&quot;,&quot;video_type&quot;:&quot;youtube&quot;,&quot;controls&quot;:&quot;yes&quot;}\" data-widget_type=\"video.default\">\n\t\t\t\t<div class=\"elementor-widget-container\">\n\t\t\t\t\t\t\t<div class=\"elementor-wrapper elementor-open-inline\">\n\t\t\t<div class=\"elementor-video\"><\/div>\t\t<\/div>\n\t\t\t\t\t\t<\/div>\n\t\t\t\t<\/div>\n\t\t\t\t\t<\/div>\n\t\t\t\t<\/div>\n\t\t<div class=\"elementor-element elementor-element-f4d4a9e e-flex e-con-boxed e-con e-parent\" data-id=\"f4d4a9e\" data-element_type=\"container\" data-e-type=\"container\">\r\n\t\t\t\t\t<div class=\"e-con-inner\">\r\n\t\t\t\t<div class=\"elementor-element elementor-element-88374b3 elementor-widget elementor-widget-video\" data-id=\"88374b3\" data-element_type=\"widget\" data-e-type=\"widget\" data-settings=\"{&quot;youtube_url&quot;:&quot;https:\\\/\\\/www.youtube.com\\\/watch?v=K_NGEa6oTO4&quot;,&quot;video_type&quot;:&quot;youtube&quot;,&quot;controls&quot;:&quot;yes&quot;}\" data-widget_type=\"video.default\">\n\t\t\t\t<div class=\"elementor-widget-container\">\n\t\t\t\t\t\t\t<div class=\"elementor-wrapper elementor-open-inline\">\n\t\t\t<div class=\"elementor-video\"><\/div>\t\t<\/div>\n\t\t\t\t\t\t<\/div>\n\t\t\t\t<\/div>\n\t\t\t\t\t<\/div>\n\t\t\t\t<\/div>\n\t\t\t\t<\/div>\n\t\t","protected":false},"excerpt":{"rendered":"<p>Mirnovec Pirotehnika specijalizovana je za izvo\u0111enje velikih vatrometa povodom javnih doga\u0111aja kao \u0161to su muzi\u010dki festivali, sportske priredbe, javna okupljanja ili proslave. Pirotehni\u010dari Mirnovec Pirotehnike raspola\u017eu svim znanjima i opremom potrebnim za pripremu, programiranje, montiranje i izvo\u0111enje velikih javnih vatrometa, \u0161to potvr\u0111uju brojna priznanja i nagrade osvojene na me\u0111unarodnim festivalima vatrometa. Mirnovec pirotehnika danas se [&hellip;]<\/p>\n","protected":false},"author":1,"featured_media":0,"parent":0,"menu_order":0,"comment_status":"closed","ping_status":"closed","template":"","meta":{"footnotes":""},"class_list":["post-3263","page","type-page","status-publish","hentry"],"_links":{"self":[{"href":"https:\/\/mirnovec.rs\/index.php?rest_route=\/wp\/v2\/pages\/3263","targetHints":{"allow":["GET"]}}],"collection":[{"href":"https:\/\/mirnovec.rs\/index.php?rest_route=\/wp\/v2\/pages"}],"about":[{"href":"https:\/\/mirnovec.rs\/index.php?rest_route=\/wp\/v2\/types\/page"}],"author":[{"embeddable":true,"href":"https:\/\/mirnovec.rs\/index.php?rest_route=\/wp\/v2\/users\/1"}],"replies":[{"embeddable":true,"href":"https:\/\/mirnovec.rs\/index.php?rest_route=%2Fwp%2Fv2%2Fcomments&post=3263"}],"version-history":[{"count":22,"href":"https:\/\/mirnovec.rs\/index.php?rest_route=\/wp\/v2\/pages\/3263\/revisions"}],"predecessor-version":[{"id":5848,"href":"https:\/\/mirnovec.rs\/index.php?rest_route=\/wp\/v2\/pages\/3263\/revisions\/5848"}],"wp:attachment":[{"href":"https:\/\/mirnovec.rs\/index.php?rest_route=%2Fwp%2Fv2%2Fmedia&parent=3263"}],"curies":[{"name":"wp","href":"https:\/\/api.w.org\/{rel}","templated":true}]}}