{"id":3236,"date":"2024-11-12T09:40:19","date_gmt":"2024-11-12T09:40:19","guid":{"rendered":"https:\/\/rainexperience.com\/wpmir\/?page_id=3236"},"modified":"2024-11-15T12:32:12","modified_gmt":"2024-11-15T12:32:12","slug":"piromuzicki-vatrometi-2","status":"publish","type":"page","link":"https:\/\/mirnovec.rs\/?page_id=3236","title":{"rendered":"Piromuzi\u010dki vatrometi"},"content":{"rendered":"\t\t<div data-elementor-type=\"wp-page\" data-elementor-id=\"3236\" class=\"elementor elementor-3236\">\n\t\t\t\t<div class=\"elementor-element elementor-element-380702a e-flex e-con-boxed e-con e-parent\" data-id=\"380702a\" data-element_type=\"container\" data-e-type=\"container\">\r\n\t\t\t\t\t<div class=\"e-con-inner\">\r\n\t\t\t\t<div class=\"elementor-element elementor-element-0fdb441 elementor-widget elementor-widget-text-editor\" data-id=\"0fdb441\" data-element_type=\"widget\" data-e-type=\"widget\" data-widget_type=\"text-editor.default\">\n\t\t\t\t<div class=\"elementor-widget-container\">\n\t\t\t\t\t\t\t\t\tMirnovec Pirotehnika specijalizovana je za izvo\u0111enje velikih vatrometa povodom javnih doga\u0111aja kao \u0161to su muzi\u010dki festivali, sportske priredbe, javna okupljanja ili proslave. Pirotehni\u010dari Mirnovec Pirotehnike raspola\u017eu svim znanjima i opremom potrebnim za pripremu, programiranje, monitranje i izvo\u0111enje velikih javnih vatrometa, \u0161to potvr\u0111uju brojna priznanja i nagrade osvojene na me\u0111unarodnim festivalima vatrometa. Mirnovec pirotehnika danas se mo\u017ee pohvaliti s vi\u0161e od 2500 izvedenih vatrometa i iskustvom u vo\u0111enju specijalih efekata za potrebe filma i televizije.\t\t\t\t\t\t\t\t<\/div>\n\t\t\t\t<\/div>\n\t\t\t\t<div class=\"elementor-element elementor-element-5a9cab6 elementor-widget elementor-widget-image\" data-id=\"5a9cab6\" data-element_type=\"widget\" data-e-type=\"widget\" data-widget_type=\"image.default\">\n\t\t\t\t<div class=\"elementor-widget-container\">\n\t\t\t\t\t\t\t\t\t\t\t\t\t\t\t<img fetchpriority=\"high\" decoding=\"async\" width=\"1189\" height=\"720\" src=\"https:\/\/mirnovec.rs\/wp-content\/uploads\/2024\/11\/piromuzicki-vatromet.jpg\" class=\"attachment-full size-full wp-image-3467\" alt=\"\" srcset=\"https:\/\/mirnovec.rs\/wp-content\/uploads\/2024\/11\/piromuzicki-vatromet.jpg 1189w, https:\/\/mirnovec.rs\/wp-content\/uploads\/2024\/11\/piromuzicki-vatromet-600x363.jpg 600w, https:\/\/mirnovec.rs\/wp-content\/uploads\/2024\/11\/piromuzicki-vatromet-1024x620.jpg 1024w, https:\/\/mirnovec.rs\/wp-content\/uploads\/2024\/11\/piromuzicki-vatromet-768x465.jpg 768w, https:\/\/mirnovec.rs\/wp-content\/uploads\/2024\/11\/piromuzicki-vatromet-640x388.jpg 640w, https:\/\/mirnovec.rs\/wp-content\/uploads\/2024\/11\/piromuzicki-vatromet-400x242.jpg 400w, https:\/\/mirnovec.rs\/wp-content\/uploads\/2024\/11\/piromuzicki-vatromet-367x222.jpg 367w\" sizes=\"(max-width: 1189px) 100vw, 1189px\" \/>\t\t\t\t\t\t\t\t\t\t\t\t\t\t\t<\/div>\n\t\t\t\t<\/div>\n\t\t\t\t\t<\/div>\n\t\t\t\t<\/div>\n\t\t<div class=\"elementor-element elementor-element-89a970d e-flex e-con-boxed e-con e-parent\" data-id=\"89a970d\" data-element_type=\"container\" data-e-type=\"container\">\r\n\t\t\t\t\t<div class=\"e-con-inner\">\r\n\t\t\t\t<div class=\"elementor-element elementor-element-2c91602 elementor-widget elementor-widget-video\" data-id=\"2c91602\" data-element_type=\"widget\" data-e-type=\"widget\" data-settings=\"{&quot;youtube_url&quot;:&quot;https:\\\/\\\/www.youtube.com\\\/watch?v=VHaUchudqQU&quot;,&quot;video_type&quot;:&quot;youtube&quot;,&quot;controls&quot;:&quot;yes&quot;}\" data-widget_type=\"video.default\">\n\t\t\t\t<div class=\"elementor-widget-container\">\n\t\t\t\t\t\t\t<div class=\"elementor-wrapper elementor-open-inline\">\n\t\t\t<div class=\"elementor-video\"><\/div>\t\t<\/div>\n\t\t\t\t\t\t<\/div>\n\t\t\t\t<\/div>\n\t\t\t\t\t<\/div>\n\t\t\t\t<\/div>\n\t\t<div class=\"elementor-element elementor-element-ccdfaed e-flex e-con-boxed e-con e-parent\" data-id=\"ccdfaed\" data-element_type=\"container\" data-e-type=\"container\">\r\n\t\t\t\t\t<div class=\"e-con-inner\">\r\n\t\t\t\t<div class=\"elementor-element elementor-element-a853969 elementor-widget elementor-widget-video\" data-id=\"a853969\" data-element_type=\"widget\" data-e-type=\"widget\" data-settings=\"{&quot;youtube_url&quot;:&quot;https:\\\/\\\/www.youtube.com\\\/watch?v=NIBFvrSesQ0&quot;,&quot;video_type&quot;:&quot;youtube&quot;,&quot;controls&quot;:&quot;yes&quot;}\" data-widget_type=\"video.default\">\n\t\t\t\t<div class=\"elementor-widget-container\">\n\t\t\t\t\t\t\t<div class=\"elementor-wrapper elementor-open-inline\">\n\t\t\t<div class=\"elementor-video\"><\/div>\t\t<\/div>\n\t\t\t\t\t\t<\/div>\n\t\t\t\t<\/div>\n\t\t\t\t\t<\/div>\n\t\t\t\t<\/div>\n\t\t<div class=\"elementor-element elementor-element-2a52d43 e-flex e-con-boxed e-con e-parent\" data-id=\"2a52d43\" data-element_type=\"container\" data-e-type=\"container\">\r\n\t\t\t\t\t<div class=\"e-con-inner\">\r\n\t\t\t\t<div class=\"elementor-element elementor-element-0d2eec5 elementor-widget elementor-widget-video\" data-id=\"0d2eec5\" data-element_type=\"widget\" data-e-type=\"widget\" data-settings=\"{&quot;youtube_url&quot;:&quot;https:\\\/\\\/www.youtube.com\\\/watch?v=Ziy8gQwZDB8&quot;,&quot;video_type&quot;:&quot;youtube&quot;,&quot;controls&quot;:&quot;yes&quot;}\" data-widget_type=\"video.default\">\n\t\t\t\t<div class=\"elementor-widget-container\">\n\t\t\t\t\t\t\t<div class=\"elementor-wrapper elementor-open-inline\">\n\t\t\t<div class=\"elementor-video\"><\/div>\t\t<\/div>\n\t\t\t\t\t\t<\/div>\n\t\t\t\t<\/div>\n\t\t\t\t\t<\/div>\n\t\t\t\t<\/div>\n\t\t\t\t<\/div>\n\t\t","protected":false},"excerpt":{"rendered":"<p>Mirnovec Pirotehnika specijalizovana je za izvo\u0111enje velikih vatrometa povodom javnih doga\u0111aja kao \u0161to su muzi\u010dki festivali, sportske priredbe, javna okupljanja ili proslave. Pirotehni\u010dari Mirnovec Pirotehnike raspola\u017eu svim znanjima i opremom potrebnim za pripremu, programiranje, monitranje i izvo\u0111enje velikih javnih vatrometa, \u0161to potvr\u0111uju brojna priznanja i nagrade osvojene na me\u0111unarodnim festivalima vatrometa. Mirnovec pirotehnika danas se [&hellip;]<\/p>\n","protected":false},"author":1,"featured_media":0,"parent":0,"menu_order":0,"comment_status":"closed","ping_status":"closed","template":"","meta":{"footnotes":""},"class_list":["post-3236","page","type-page","status-publish","hentry"],"_links":{"self":[{"href":"https:\/\/mirnovec.rs\/index.php?rest_route=\/wp\/v2\/pages\/3236","targetHints":{"allow":["GET"]}}],"collection":[{"href":"https:\/\/mirnovec.rs\/index.php?rest_route=\/wp\/v2\/pages"}],"about":[{"href":"https:\/\/mirnovec.rs\/index.php?rest_route=\/wp\/v2\/types\/page"}],"author":[{"embeddable":true,"href":"https:\/\/mirnovec.rs\/index.php?rest_route=\/wp\/v2\/users\/1"}],"replies":[{"embeddable":true,"href":"https:\/\/mirnovec.rs\/index.php?rest_route=%2Fwp%2Fv2%2Fcomments&post=3236"}],"version-history":[{"count":19,"href":"https:\/\/mirnovec.rs\/index.php?rest_route=\/wp\/v2\/pages\/3236\/revisions"}],"predecessor-version":[{"id":3485,"href":"https:\/\/mirnovec.rs\/index.php?rest_route=\/wp\/v2\/pages\/3236\/revisions\/3485"}],"wp:attachment":[{"href":"https:\/\/mirnovec.rs\/index.php?rest_route=%2Fwp%2Fv2%2Fmedia&parent=3236"}],"curies":[{"name":"wp","href":"https:\/\/api.w.org\/{rel}","templated":true}]}}