{"id":2764,"date":"2024-08-13T09:44:38","date_gmt":"2024-08-13T09:44:38","guid":{"rendered":"https:\/\/rainexperience.com\/wpmir\/?page_id=2764"},"modified":"2024-12-04T21:59:32","modified_gmt":"2024-12-04T21:59:32","slug":"prodajna-mesta","status":"publish","type":"page","link":"https:\/\/mirnovec.rs\/?page_id=2764","title":{"rendered":"Prodajna mesta"},"content":{"rendered":"\t\t<div data-elementor-type=\"wp-page\" data-elementor-id=\"2764\" class=\"elementor elementor-2764\">\n\t\t\t\t\t\t<section class=\"elementor-section elementor-top-section elementor-element elementor-element-ddb5df5 elementor-section-boxed elementor-section-height-default elementor-section-height-default\" data-id=\"ddb5df5\" data-element_type=\"section\" data-e-type=\"section\" data-settings=\"{&quot;background_background&quot;:&quot;classic&quot;}\">\r\n\t\t\r\n\t\t\t\t\t\t\t<div class=\"elementor-container elementor-column-gap-no\">\r\n\t\t\t\t\t\t\t\t\t\t\t<div class=\"elementor-column elementor-col-100 elementor-top-column elementor-element elementor-element-ffbbfe5\" data-id=\"ffbbfe5\" data-element_type=\"column\" data-e-type=\"column\">\r\n\t\t\t\t\t<div class=\"elementor-widget-wrap elementor-element-populated\">\r\n\t\t\t\t\t\t\t\t<div class=\"elementor-element elementor-element-595d615 mb-3 custom-font1 elementor-widget elementor-widget-heading\" data-id=\"595d615\" data-element_type=\"widget\" data-e-type=\"widget\" data-widget_type=\"heading.default\">\n\t\t\t\t<div class=\"elementor-widget-container\">\n\t\t\t\t\t<h2 class=\"elementor-heading-title elementor-size-default\">MIRNOVEC PIRO CENTRI<\/h2>\t\t\t\t<\/div>\n\t\t\t\t<\/div>\n\t\t\t\t<div class=\"elementor-element elementor-element-fcd595d elementor-widget elementor-widget-text-editor\" data-id=\"fcd595d\" data-element_type=\"widget\" data-e-type=\"widget\" data-widget_type=\"text-editor.default\">\n\t\t\t\t<div class=\"elementor-widget-container\">\n\t\t\t\t\t\t\t\t\t<table class=\"tableProdajna\" width=\"448\">\n<tbody>\n<tr>\n<td width=\"171\"><strong>MESTO<\/strong><\/td>\n<td width=\"277\"><strong>ADRESA<\/strong><\/td>\n<\/tr>\n<tr>\n<td>Apatin<\/td>\n<td>Dimitrija Tucovi\u0107a 57<\/td>\n<\/tr>\n<tr>\n<td>Ba\u010dka Palanka<\/td>\n<td>Kralja Petra I 28<\/td>\n<\/tr>\n<tr>\n<td>Bajina Ba\u0161ta<\/td>\n<td>Svetosavska 29<\/td>\n<\/tr>\n<tr>\n<td>Beograd na vodi<\/td>\n<td>Savska 33\/1<\/td>\n<\/tr>\n<tr>\n<td>Beograd &#8211; Banjica<\/td>\n<td>Save Maskovica 3do5<\/td>\n<\/tr>\n<tr>\n<td>Beograd &#8211; Novi Beograd<\/td>\n<td>To\u0161in bunar 95<\/td>\n<\/tr>\n<tr>\n<td>Beograd &#8211; Novi Beograd<\/td>\n<td>Vojvo\u0111anska 136<\/td>\n<\/tr>\n<tr>\n<td>Beograd &#8211; Sopot<\/td>\n<td>Trgova\u010dka 14<\/td>\n<\/tr>\n<tr>\n<td>Beograd &#8211; Sur\u010din<\/td>\n<td>Bra\u0107e Puhalovi\u0107a 19<\/td>\n<\/tr>\n<tr>\n<td>Beograd &#8211; Zemun<\/td>\n<td>Aleksandra Dup\u010deka 12<\/td>\n<\/tr>\n<tr>\n<td>Beograd &#8211; Zvezdara<\/td>\n<td>Bulevar kralja Aleksandra 370<\/td>\n<\/tr>\n<tr>\n<td>Beograd &#8211; \u017darkovo<\/td>\n<td>Jablani\u010dka 184A<\/td>\n<\/tr>\n<tr>\n<td>\u010ca\u010dak<\/td>\n<td>Dragi\u0161e Mi\u0161ovi\u0107a 17<\/td>\n<\/tr>\n<tr>\n<td>\u010ca\u010dak<\/td>\n<td>Vojvode Stepe 36<\/td>\n<\/tr>\n<tr>\n<td>In\u0111ija<\/td>\n<td>Novosadska 19<\/td>\n<\/tr>\n<tr>\n<td>Ivanjica<\/td>\n<td>Mi\u0107e Matovi\u0107a 24<\/td>\n<\/tr>\n<tr>\n<td>Kikinda<\/td>\n<td>Milo\u0161a Velikog\u00a0 18<\/td>\n<\/tr>\n<tr>\n<td>Kovin<\/td>\n<td>JNA 33<\/td>\n<\/tr>\n<tr>\n<td>Kragujevac<\/td>\n<td>Kosovska 24<\/td>\n<\/tr>\n<tr>\n<td>Kraljevo<\/td>\n<td>Trg Srpskih ratnika bb<\/td>\n<\/tr>\n<tr>\n<td>Kraljevo<\/td>\n<td>Vojvode Stepe SPO S lokal L4<\/td>\n<\/tr>\n<tr>\n<td>Kru\u0161evac<\/td>\n<td>Cara Lazara 66<\/td>\n<\/tr>\n<tr>\n<td>Kula<\/td>\n<td>Mar\u0161ala Tita 246<\/td>\n<\/tr>\n<tr>\n<td>Kur\u0161umlija<\/td>\n<td>Svete Ane bb<\/td>\n<\/tr>\n<tr>\n<td>Leskovac<\/td>\n<td>Ni\u0161ka, Zanatski centar 2\/1<\/td>\n<\/tr>\n<tr>\n<td>Loznica<\/td>\n<td>Vojvode Mi\u0161i\u0107a 9<\/td>\n<\/tr>\n<tr>\n<td>Majdanpek<\/td>\n<td>Svetog Save 31\/1a<\/td>\n<\/tr>\n<tr>\n<td>Ni\u0161<\/td>\n<td>\u0160umatova\u010dka 8<\/td>\n<\/tr>\n<tr>\n<td>Ni\u0161<\/td>\n<td>Obili\u0107ev venac 49<\/td>\n<\/tr>\n<tr>\n<td>Nova Varo\u0161<\/td>\n<td>Svetog Save 23<\/td>\n<\/tr>\n<tr>\n<td>Novi Pazar<\/td>\n<td>Prvi Maj 85<\/td>\n<\/tr>\n<tr>\n<td>Novi Pazar<\/td>\n<td>Stefana Nemanje 89<\/td>\n<\/tr>\n<tr>\n<td>Novi Sad<\/td>\n<td>Bulevar Cara Lazara 102<\/td>\n<\/tr>\n<tr>\n<td>Novi Sad<\/td>\n<td>Futo\u0161ka 11<\/td>\n<\/tr>\n<tr>\n<td>Novi Sad<\/td>\n<td>Mi\u0161e Dimitrijevi\u0107a 28<\/td>\n<\/tr>\n<tr>\n<td>Pan\u010devo<\/td>\n<td>Oslobo\u0111enja 10<\/td>\n<\/tr>\n<tr>\n<td>Pirot<\/td>\n<td>Sin\u0111eli\u0107eva 3<\/td>\n<\/tr>\n<tr>\n<td>Po\u017earevac<\/td>\n<td>Dunavska 46\/3<\/td>\n<\/tr>\n<tr>\n<td>Priboj<\/td>\n<td>Limska bb, Zanatski centar<\/td>\n<\/tr>\n<tr>\n<td>Prijepolje<\/td>\n<td>Nijazije Mustajbegovi\u00e1 3<\/td>\n<\/tr>\n<tr>\n<td>Prokuplje<\/td>\n<td>Ratka Pavlovi\u0107a 184<\/td>\n<\/tr>\n<tr>\n<td>Ra\u0161ka<\/td>\n<td>Ratka Lukovi\u0107a 15<\/td>\n<\/tr>\n<tr>\n<td>Ruma<\/td>\n<td>Proleterska 1<\/td>\n<\/tr>\n<tr>\n<td>Sjenica<\/td>\n<td>Trg Svetozara Markovi\u0107a bb<\/td>\n<\/tr>\n<tr>\n<td>Smederevo<\/td>\n<td>Trg Nikole Krge 9<\/td>\n<\/tr>\n<tr>\n<td>Sombor<\/td>\n<td>Avrama Mrazovi\u0107a 2<\/td>\n<\/tr>\n<tr>\n<td>Sremska Mitrovica<\/td>\n<td>Solarski Trg br.8<\/td>\n<\/tr>\n<tr>\n<td>Sremska Mitrovica<\/td>\n<td>Pivarska 17<\/td>\n<\/tr>\n<tr>\n<td>Stara Pazova<\/td>\n<td>\u0106irila i Metodija 26<\/td>\n<\/tr>\n<tr>\n<td>Subotica<\/td>\n<td>Matije Korvina 22\/a<\/td>\n<\/tr>\n<tr>\n<td>\u0160abac<\/td>\n<td>Pop Lukina 3<\/td>\n<\/tr>\n<tr>\n<td>U\u017eice<\/td>\n<td>Nikole Pa\u0161i\u0107a 32<\/td>\n<\/tr>\n<tr>\n<td>Valjevo<\/td>\n<td>Vlade Danilovi\u0107a 17a<\/td>\n<\/tr>\n<tr>\n<td>Zaje\u010dar<\/td>\n<td>Ljube Ne\u0161i\u0107a 48b<\/td>\n<\/tr>\n<tr>\n<td>Zrenjanin<\/td>\n<td>Ko\u010de Kolareva 10<\/td>\n<\/tr>\n<\/tbody>\n<\/table>\t\t\t\t\t\t\t\t<\/div>\n\t\t\t\t<\/div>\n\t\t\t\t\t<\/div>\r\n\t\t\t\t<\/div>\r\n\t\t\t\t\t<\/div>\r\n\t\t\t\t<\/section>\r\n\t\t\t\t<section class=\"elementor-section elementor-top-section elementor-element elementor-element-88dd640 elementor-section-boxed elementor-section-height-default elementor-section-height-default\" data-id=\"88dd640\" data-element_type=\"section\" data-e-type=\"section\" data-settings=\"{&quot;background_background&quot;:&quot;classic&quot;}\">\r\n\t\t\r\n\t\t\t\t\t\t\t<div class=\"elementor-container elementor-column-gap-no\">\r\n\t\t\t\t\t\t\t\t\t\t\t<div class=\"elementor-column elementor-col-100 elementor-top-column elementor-element elementor-element-f24dac4\" data-id=\"f24dac4\" data-element_type=\"column\" data-e-type=\"column\">\r\n\t\t\t\t\t<div class=\"elementor-widget-wrap elementor-element-populated\">\r\n\t\t\t\t\t\t\t\t<div class=\"elementor-element elementor-element-310c9a9 mb-3 custom-font1 elementor-widget elementor-widget-heading\" data-id=\"310c9a9\" data-element_type=\"widget\" data-e-type=\"widget\" data-widget_type=\"heading.default\">\n\t\t\t\t<div class=\"elementor-widget-container\">\n\t\t\t\t\t<h2 class=\"elementor-heading-title elementor-size-default\">FRAN\u0160IZE<\/h2>\t\t\t\t<\/div>\n\t\t\t\t<\/div>\n\t\t\t\t<div class=\"elementor-element elementor-element-09aed79 elementor-widget elementor-widget-text-editor\" data-id=\"09aed79\" data-element_type=\"widget\" data-e-type=\"widget\" data-widget_type=\"text-editor.default\">\n\t\t\t\t<div class=\"elementor-widget-container\">\n\t\t\t\t\t\t\t\t\t<table class=\"tableProdajna\" width=\"675\">\n<tbody>\n<tr>\n<td style=\"font-weight: 400;\" width=\"171\">Beograd &#8211; Batajnica<\/td>\n<td style=\"font-weight: 400;\" width=\"277\">HAPPY BALLOONS<\/td>\n<td style=\"font-weight: 400;\" width=\"227\">Majora Zorana Radosavljevi\u0107a 124<\/td>\n<\/tr>\n<tr>\n<td style=\"font-weight: 400;\">Beograd &#8211; Novi Beograd<\/td>\n<td style=\"font-weight: 400;\">FANATIC RIBOLOV<\/td>\n<td style=\"font-weight: 400;\">Milutina Milankovi\u0107a 130<\/td>\n<\/tr>\n<tr>\n<td style=\"font-weight: 400;\">Beograd &#8211; Zemun<\/td>\n<td style=\"font-weight: 400;\">BALONSIAKA<\/td>\n<td style=\"font-weight: 400;\">Ugrunova\u010dki put 54<\/td>\n<\/tr>\n<tr>\n<td style=\"font-weight: 400;\">Leskovac<\/td>\n<td style=\"font-weight: 400;\">MIRNOVEC<\/td>\n<td style=\"font-weight: 400;\">Bulevar Oslobo\u0111enja bb, lokal bb<\/td>\n<\/tr>\n<tr>\n<td style=\"font-weight: 400;\">Leskovac<\/td>\n<td style=\"font-weight: 400;\">MIRNOVEC<\/td>\n<td style=\"font-weight: 400;\">Masarikov trg, lokal br.10<\/td>\n<\/tr>\n<tr>\n<td style=\"font-weight: 400;\">Sremska Kamenica<\/td>\n<td style=\"font-weight: 400;\">LV POOLS<\/td>\n<td style=\"font-weight: 400;\">Vojode Putnika 26<\/td>\n<\/tr>\n<\/tbody>\n<\/table>\t\t\t\t\t\t\t\t<\/div>\n\t\t\t\t<\/div>\n\t\t\t\t\t<\/div>\r\n\t\t\t\t<\/div>\r\n\t\t\t\t\t<\/div>\r\n\t\t\t\t<\/section>\r\n\t\t\t\t<section class=\"elementor-section elementor-top-section elementor-element elementor-element-b6f4ea2 elementor-section-boxed elementor-section-height-default elementor-section-height-default\" data-id=\"b6f4ea2\" data-element_type=\"section\" data-e-type=\"section\" data-settings=\"{&quot;background_background&quot;:&quot;classic&quot;}\">\r\n\t\t\r\n\t\t\t\t\t\t\t<div class=\"elementor-container elementor-column-gap-no\">\r\n\t\t\t\t\t\t\t\t\t\t\t<div class=\"elementor-column elementor-col-100 elementor-top-column elementor-element elementor-element-9dfa006\" data-id=\"9dfa006\" data-element_type=\"column\" data-e-type=\"column\">\r\n\t\t\t\t\t<div class=\"elementor-widget-wrap elementor-element-populated\">\r\n\t\t\t\t\t\t\t\t<div class=\"elementor-element elementor-element-5ecf38e mb-3 custom-font1 elementor-widget elementor-widget-heading\" data-id=\"5ecf38e\" data-element_type=\"widget\" data-e-type=\"widget\" data-widget_type=\"heading.default\">\n\t\t\t\t<div class=\"elementor-widget-container\">\n\t\t\t\t\t<h2 class=\"elementor-heading-title elementor-size-default\">EKSKLUZIVNI DISTRIBUTERI<\/h2>\t\t\t\t<\/div>\n\t\t\t\t<\/div>\n\t\t\t\t<div class=\"elementor-element elementor-element-d3bb962 elementor-widget elementor-widget-text-editor\" data-id=\"d3bb962\" data-element_type=\"widget\" data-e-type=\"widget\" data-widget_type=\"text-editor.default\">\n\t\t\t\t<div class=\"elementor-widget-container\">\n\t\t\t\t\t\t\t\t\t<table width=\"675\" class=\"tableProdajna\">\n<tbody>\n<tr>\n<td width=\"171\">Ba\u010dka Topola<\/td>\n<td width=\"277\">CAPRIOLO D.O.O.<\/td>\n<td width=\"227\">Glavna 15<\/td>\n<\/tr>\n<tr>\n<td>Be\u010dej<\/td>\n<td>CAPRIOLO D.O.O.<\/td>\n<td>Petefi \u0160andora 2<\/td>\n<\/tr>\n<tr>\n<td>Beograd &#8211; Novi Beograd<\/td>\n<td>BIKELAND D.O.O.<\/td>\n<td>Jurija Gagarina 12a<\/td>\n<\/tr>\n<tr>\n<td>Beograd &#8211; Zemun<\/td>\n<td>BIKELAND D.O.O.<\/td>\n<td>Kara\u0111or\u0111ev trg 8-10<\/td>\n<\/tr>\n<tr>\n<td>Bor\u010da<\/td>\n<td>MIMA I NENA TR<\/td>\n<td>Mokrinjska 1a<\/td>\n<\/tr>\n<tr>\n<td>Futog<\/td>\n<td>MRAV 2002<\/td>\n<td>Cara Lazara 147<\/td>\n<\/tr>\n<tr>\n<td>Ni\u0161<\/td>\n<td>CAPRIOLO D.O.O.<\/td>\n<td>Nikole Pa\u0161i\u0107a 28<\/td>\n<\/tr>\n<tr>\n<td>Novi Sad<\/td>\n<td>CAPRIOLO D.O.O.<\/td>\n<td>Dalmatinska 1<\/td>\n<\/tr>\n<tr>\n<td>Novi Sad<\/td>\n<td>CAPRIOLO D.O.O.<\/td>\n<td>Partizanska 64<\/td>\n<\/tr>\n<tr>\n<td>Novi Sad<\/td>\n<td>CAPRIOLO D.O.O.<\/td>\n<td>\u017delezni\u010dka 56<\/td>\n<\/tr>\n<tr>\n<td>Obrenovac<\/td>\n<td>VIGI VI STR<\/td>\n<td>Carice Milice 3<\/td>\n<\/tr>\n<tr>\n<td>Od\u017eaci<\/td>\n<td>EXPORT IMPORT SNT OD\u017dACI D.O.O.<\/td>\n<td>Somborska 10a<\/td>\n<\/tr>\n<tr>\n<td>Plati\u010devo<\/td>\n<td>SAFARI 022<\/td>\n<td>\u017delezni\u010dka bb<\/td>\n<\/tr>\n<tr>\n<td>Sremska Mitrovica<\/td>\n<td>CAPRIOLO D.O.O.<\/td>\n<td>\u017ditni trg 10<\/td>\n<\/tr>\n<tr>\n<td>Sremska Mitrovica<\/td>\n<td>LORIST D.O.O.<\/td>\n<td>Ribarska obala 6<\/td>\n<\/tr>\n<tr>\n<td>Subotica<\/td>\n<td>CAPRIOLO D.O.O.<\/td>\n<td>Matije Korvina 17<\/td>\n<\/tr>\n<tr>\n<td>Subotica<\/td>\n<td>VENERA BIKE D.O.O.<\/td>\n<td>Matije Gupca 1<\/td>\n<\/tr>\n<tr>\n<td>Temerin<\/td>\n<td>CAPRIOLO D.O.O.<\/td>\n<td>Novosadska 353<\/td>\n<\/tr>\n<tr>\n<td>\u0160id<\/td>\n<td>FERUM TP<\/td>\n<td>Kara\u0111or\u0111eva 66<\/td>\n<\/tr>\n<tr>\n<td>Zrenjanin<\/td>\n<td>CAPRIOLO D.O.O.<\/td>\n<td>Ru\u017ee \u0160ulman bb<\/td>\n<\/tr>\n<\/tbody>\n<\/table>\t\t\t\t\t\t\t\t<\/div>\n\t\t\t\t<\/div>\n\t\t\t\t\t<\/div>\r\n\t\t\t\t<\/div>\r\n\t\t\t\t\t<\/div>\r\n\t\t\t\t<\/section>\r\n\t\t\t\t<section class=\"elementor-section elementor-top-section elementor-element elementor-element-dfa7b48 elementor-section-boxed elementor-section-height-default elementor-section-height-default\" data-id=\"dfa7b48\" data-element_type=\"section\" data-e-type=\"section\" data-settings=\"{&quot;background_background&quot;:&quot;classic&quot;}\">\r\n\t\t\r\n\t\t\t\t\t\t\t<div class=\"elementor-container elementor-column-gap-no\">\r\n\t\t\t\t\t\t\t\t\t\t\t<div class=\"elementor-column elementor-col-100 elementor-top-column elementor-element elementor-element-7b2282f\" data-id=\"7b2282f\" data-element_type=\"column\" data-e-type=\"column\">\r\n\t\t\t\t\t<div class=\"elementor-widget-wrap elementor-element-populated\">\r\n\t\t\t\t\t\t\t\t<div class=\"elementor-element elementor-element-a68a4c0 mb-3 custom-font1 elementor-widget elementor-widget-heading\" data-id=\"a68a4c0\" data-element_type=\"widget\" data-e-type=\"widget\" data-widget_type=\"heading.default\">\n\t\t\t\t<div class=\"elementor-widget-container\">\n\t\t\t\t\t<h2 class=\"elementor-heading-title elementor-size-default\">DISTRIBUTERI<\/h2>\t\t\t\t<\/div>\n\t\t\t\t<\/div>\n\t\t\t\t<div class=\"elementor-element elementor-element-befb7ac elementor-widget elementor-widget-text-editor\" data-id=\"befb7ac\" data-element_type=\"widget\" data-e-type=\"widget\" data-widget_type=\"text-editor.default\">\n\t\t\t\t<div class=\"elementor-widget-container\">\n\t\t\t\t\t\t\t\t\t<table class=\"tableProdajna\" width=\"675\">\n<tbody>\n<tr>\n<td width=\"171\">Ada<\/td>\n<td width=\"277\">PROFI FISHING D.O.O.<\/td>\n<td width=\"227\">Vuka Karad\u017ei\u0107a 13<\/td>\n<\/tr>\n<tr>\n<td>Arilje<\/td>\n<td>LUKOVI\u0106 D.O.O.<\/td>\n<td>Vojvode Stepe 36<\/td>\n<\/tr>\n<tr>\n<td>Bor<\/td>\n<td>TREND BOR STR<\/td>\n<td>Nikole Pa\u0161i\u0107a 8-10<\/td>\n<\/tr>\n<tr>\n<td>Grocka<\/td>\n<td>MAKS SPORT STR<\/td>\n<td>Bulevar Oslobo\u0111enja 57<\/td>\n<\/tr>\n<tr>\n<td>Kragujevac<\/td>\n<td>VUKOVI 034<\/td>\n<td>Aleksandra I Kara\u0111or\u0111evi\u0107a 94<\/td>\n<\/tr>\n<tr>\n<td>Lazarevac<\/td>\n<td>BP LOV I RIBOLOV<\/td>\n<td>Nikolaja Velimirovi\u0107a 2<\/td>\n<\/tr>\n<tr>\n<td>Ma\u010dkat<\/td>\n<td>STEPSKI SOKO D.O.O.<\/td>\n<td>Ma\u010dkat bb<\/td>\n<\/tr>\n<tr>\n<td>Ni\u0161<\/td>\n<td>RITAM PLUS TRK<\/td>\n<td>Nikole Pa\u0161i\u0107a 21<\/td>\n<\/tr>\n<tr>\n<td>Po\u017eega<\/td>\n<td>LUKOVI\u0106 D.O.O.<\/td>\n<td>Knjaza Milo\u0161a 32<\/td>\n<\/tr>\n<tr>\n<td>Para\u0107in<\/td>\n<td>PIROMAN ZTR<\/td>\n<td>Save Kova\u010devi\u0107a 8<\/td>\n<\/tr>\n<tr>\n<td>Para\u0107in<\/td>\n<td>RA\u0160A PIRAT<\/td>\n<td>Knjaza Milo\u0161a 6<\/td>\n<\/tr>\n<tr>\n<td>Senta<\/td>\n<td>MOTO SHOP GER\u017dAN BELA<\/td>\n<td>Svetozara Mileti\u0107a 13<\/td>\n<\/tr>\n<tr>\n<td>Suboti\u0161te, Pe\u0107inci<\/td>\n<td>REKET INVEST<\/td>\n<td>Kamenova 58<\/td>\n<\/tr>\n<tr>\n<td>Svilajnac<\/td>\n<td>FENIKS AMS 2023<\/td>\n<td>Svetog Save 55<\/td>\n<\/tr>\n<tr>\n<td>Temerin<\/td>\n<td>EVA TALO PR<\/td>\n<td>JNA 172<\/td>\n<\/tr>\n<tr>\n<td>Vlasotince<\/td>\n<td>LOVAC STR<\/td>\n<td>Vinogradarska bb, TC lok. 14<\/td>\n<\/tr>\n<tr>\n<td>Vlasotince<\/td>\n<td>LOVAC STR<\/td>\n<td width=\"227\">22. Divizije 15<\/td>\n<\/tr>\n<tr>\n<td>Vr\u010din<\/td>\n<td>STR TALIJA<\/td>\n<td>29. novembra 21<\/td>\n<\/tr>\n\n<\/tbody>\n<\/table>\t\t\t\t\t\t\t\t<\/div>\n\t\t\t\t<\/div>\n\t\t\t\t\t<\/div>\r\n\t\t\t\t<\/div>\r\n\t\t\t\t\t<\/div>\r\n\t\t\t\t<\/section>\r\n\t\t\t\t<\/div>\n\t\t","protected":false},"excerpt":{"rendered":"<p>MIRNOVEC PIRO CENTRI MESTO ADRESA Apatin Dimitrija Tucovi\u0107a 57 Ba\u010dka Palanka Kralja Petra I 28 Bajina Ba\u0161ta Svetosavska 29 Beograd na vodi Savska 33\/1 Beograd &#8211; Banjica Save Maskovica 3do5 Beograd &#8211; Novi Beograd To\u0161in bunar 95 Beograd &#8211; Novi Beograd Vojvo\u0111anska 136 Beograd &#8211; Sopot Trgova\u010dka 14 Beograd &#8211; Sur\u010din Bra\u0107e Puhalovi\u0107a 19 Beograd [&hellip;]<\/p>\n","protected":false},"author":1,"featured_media":0,"parent":0,"menu_order":0,"comment_status":"closed","ping_status":"closed","template":"","meta":{"footnotes":""},"class_list":["post-2764","page","type-page","status-publish","hentry"],"_links":{"self":[{"href":"https:\/\/mirnovec.rs\/index.php?rest_route=\/wp\/v2\/pages\/2764","targetHints":{"allow":["GET"]}}],"collection":[{"href":"https:\/\/mirnovec.rs\/index.php?rest_route=\/wp\/v2\/pages"}],"about":[{"href":"https:\/\/mirnovec.rs\/index.php?rest_route=\/wp\/v2\/types\/page"}],"author":[{"embeddable":true,"href":"https:\/\/mirnovec.rs\/index.php?rest_route=\/wp\/v2\/users\/1"}],"replies":[{"embeddable":true,"href":"https:\/\/mirnovec.rs\/index.php?rest_route=%2Fwp%2Fv2%2Fcomments&post=2764"}],"version-history":[{"count":13,"href":"https:\/\/mirnovec.rs\/index.php?rest_route=\/wp\/v2\/pages\/2764\/revisions"}],"predecessor-version":[{"id":3668,"href":"https:\/\/mirnovec.rs\/index.php?rest_route=\/wp\/v2\/pages\/2764\/revisions\/3668"}],"wp:attachment":[{"href":"https:\/\/mirnovec.rs\/index.php?rest_route=%2Fwp%2Fv2%2Fmedia&parent=2764"}],"curies":[{"name":"wp","href":"https:\/\/api.w.org\/{rel}","templated":true}]}}